{"id":83209,"date":"2020-07-18T12:19:03","date_gmt":"2020-07-18T16:19:03","guid":{"rendered":"https:\/\/batteries-ecodepot.com\/parts-and-accessories\/"},"modified":"2021-03-15T21:07:07","modified_gmt":"2021-03-16T01:07:07","slug":"parts-and-accessories","status":"publish","type":"page","link":"https:\/\/batteries-ecodepot.com\/en\/parts-and-accessories\/","title":{"rendered":"Parts and accessories"},"content":{"rendered":"<section class=\"wpb-content-wrapper\"><p>[vc_section][vc_row row_height_percent=&#8221;0&#8243; override_padding=&#8221;yes&#8221; h_padding=&#8221;2&#8243; top_padding=&#8221;4&#8243; bottom_padding=&#8221;4&#8243; back_image=&#8221;82097&#8243; back_position=&#8221;right bottom&#8221; overlay_color=&#8221;color-darkgrey&#8221; overlay_alpha=&#8221;85&#8243; gutter_size=&#8221;3&#8243; column_width_percent=&#8221;100&#8243; shift_y=&#8221;0&#8243; z_index=&#8221;0&#8243; row_height_pixel=&#8221;300&#8243;][vc_column column_width_percent=&#8221;100&#8243; position_vertical=&#8221;middle&#8221; gutter_size=&#8221;3&#8243; style=&#8221;dark&#8221; overlay_alpha=&#8221;50&#8243; shift_x=&#8221;0&#8243; shift_y=&#8221;0&#8243; shift_y_down=&#8221;0&#8243; z_index=&#8221;0&#8243; medium_width=&#8221;0&#8243; mobile_width=&#8221;0&#8243; width=&#8221;1\/1&#8243;][vc_row_inner row_inner_height_percent=&#8221;0&#8243; overlay_alpha=&#8221;50&#8243; equal_height=&#8221;yes&#8221; gutter_size=&#8221;3&#8243; shift_y=&#8221;0&#8243; z_index=&#8221;0&#8243; limit_content=&#8221;&#8221;][vc_column_inner column_width_percent=&#8221;100&#8243; position_vertical=&#8221;middle&#8221; align_horizontal=&#8221;align_center&#8221; gutter_size=&#8221;3&#8243; style=&#8221;dark&#8221; overlay_alpha=&#8221;50&#8243; shift_x=&#8221;0&#8243; shift_y=&#8221;0&#8243; shift_y_down=&#8221;0&#8243; z_index=&#8221;0&#8243; medium_width=&#8221;0&#8243; mobile_width=&#8221;0&#8243; width=&#8221;1\/1&#8243;][vc_single_image media=&#8221;82904&#8243; media_width_use_pixel=&#8221;yes&#8221; alignment=&#8221;center&#8221; media_width_pixel=&#8221;100&#8243;][vc_custom_heading heading_semantic=&#8221;h1&#8243; text_transform=&#8221;uppercase&#8221; text_height=&#8221;&#8221;]<\/p>\n<p style=\"font-size: 60px; line-height: 1.25;\">Parts and Accessories<\/p>\n<p>&nbsp;<\/p>\n<p>EFFICIENCY | SPEED | SAFETY[\/vc_custom_heading][vc_empty_space empty_h=&#8221;1&#8243;][vc_button button_color=&#8221;color-green&#8221; border_width=&#8221;2&#8243; display=&#8221;inline&#8221; top_margin=&#8221;yes&#8221; link=&#8221;|||&#8221;]Discover our parts and accessories[\/vc_button][\/vc_column_inner][\/vc_row_inner][\/vc_column][\/vc_row][\/vc_section][vc_row][vc_column width=&#8221;1\/1&#8243;][uncode_block id=&#8221;82710&#8243;][\/vc_column][\/vc_row][vc_section][vc_row row_height_percent=&#8221;0&#8243; override_padding=&#8221;yes&#8221; h_padding=&#8221;2&#8243; top_padding=&#8221;5&#8243; bottom_padding=&#8221;3&#8243; overlay_alpha=&#8221;50&#8243; equal_height=&#8221;yes&#8221; gutter_size=&#8221;4&#8243; column_width_percent=&#8221;100&#8243; shift_y=&#8221;0&#8243; z_index=&#8221;0&#8243; el_class=&#8221;inverted-device-order&#8221;][vc_column column_width_percent=&#8221;100&#8243; position_vertical=&#8221;middle&#8221; gutter_size=&#8221;3&#8243; overlay_alpha=&#8221;50&#8243; shift_x=&#8221;0&#8243; shift_y=&#8221;0&#8243; shift_y_down=&#8221;0&#8243; z_index=&#8221;0&#8243; medium_width=&#8221;0&#8243; mobile_width=&#8221;0&#8243; width=&#8221;1\/2&#8243;][vc_single_image media=&#8221;82908&#8243; media_width_use_pixel=&#8221;yes&#8221; media_width_pixel=&#8221;60&#8243;][vc_custom_heading text_size=&#8221;h3&#8243; text_height=&#8221;&#8221;]Accessories for water maintenance or electrolyte[\/vc_custom_heading][vc_column_text]<\/p>\n<ul>\n<li>Automatic watring systems (Aquapro\/ FlowRite\/ BWT)<\/li>\n<li>Fill hose for watering system with pressure regulator and female connector<\/li>\n<li>Gun for direct filling<\/li>\n<li>X-Type filling gun<\/li>\n<li>20 L gravity fill tank<\/li>\n<li>Water demineralization system<\/li>\n<li>Male or female connectors for watering system<\/li>\n<li>Tubes<\/li>\n<li>Water level indicator lights<\/li>\n<li>Hydrometer for density reading<\/li>\n<li>Absorbent<\/li>\n<\/ul>\n<p>[\/vc_column_text][vc_button button_color=&#8221;color-green&#8221; border_width=&#8221;0&#8243; display=&#8221;inline&#8221; top_margin=&#8221;yes&#8221; link=&#8221;url:https%3A%2F%2Fbatteries-ecodepot.com%2Fen%2Fcontact-us%2F|title:Service%20Call%20|&#8221;]Quote Request[\/vc_button][vc_button button_color=&#8221;color-darkgrey&#8221; outline=&#8221;yes&#8221; border_width=&#8221;0&#8243; display=&#8221;inline&#8221; top_margin=&#8221;yes&#8221; link=&#8221;url:https%3A%2F%2Fbatteries-ecodepot.com%2Fen%2Fcontact-us%2F%23appelservice|title:Place%20a%20service%20call%20|&#8221;]Place a service call[\/vc_button][\/vc_column][vc_column column_width_percent=&#8221;100&#8243; position_vertical=&#8221;middle&#8221; gutter_size=&#8221;3&#8243; overlay_alpha=&#8221;50&#8243; shift_x=&#8221;0&#8243; shift_y=&#8221;0&#8243; shift_y_down=&#8221;0&#8243; z_index=&#8221;0&#8243; medium_width=&#8221;0&#8243; mobile_width=&#8221;0&#8243; width=&#8221;1\/2&#8243;][vc_single_image media=&#8221;83032&#8243; media_width_percent=&#8221;100&#8243; media_ratio=&#8221;three-four&#8221; advanced=&#8221;yes&#8221; media_items=&#8221;media|original&#8221; media_overlay_opacity=&#8221;50&#8243; media_text_visible=&#8221;yes&#8221; media_image_coloration=&#8221;desaturated&#8221; media_h_align=&#8221;center&#8221; media_h_position=&#8221;center&#8221; media_padding=&#8221;2&#8243; media_title_height=&#8221;&#8221; media_icon=&#8221;fa fa-cog&#8221;][\/vc_column][\/vc_row][vc_row row_height_percent=&#8221;0&#8243; override_padding=&#8221;yes&#8221; h_padding=&#8221;2&#8243; top_padding=&#8221;3&#8243; bottom_padding=&#8221;3&#8243; overlay_alpha=&#8221;50&#8243; equal_height=&#8221;yes&#8221; gutter_size=&#8221;4&#8243; column_width_percent=&#8221;100&#8243; shift_y=&#8221;0&#8243; z_index=&#8221;0&#8243;][vc_column column_width_percent=&#8221;100&#8243; position_vertical=&#8221;middle&#8221; gutter_size=&#8221;3&#8243; overlay_alpha=&#8221;50&#8243; shift_x=&#8221;0&#8243; shift_y=&#8221;0&#8243; shift_y_down=&#8221;0&#8243; z_index=&#8221;0&#8243; medium_width=&#8221;0&#8243; mobile_width=&#8221;0&#8243; width=&#8221;1\/2&#8243;][vc_single_image media=&#8221;82985&#8243; media_width_percent=&#8221;100&#8243; media_ratio=&#8221;three-four&#8221; advanced=&#8221;yes&#8221; media_overlay_opacity=&#8221;50&#8243; media_image_coloration=&#8221;desaturated&#8221; media_padding=&#8221;2&#8243; media_title_height=&#8221;&#8221;][\/vc_column][vc_column column_width_percent=&#8221;100&#8243; position_vertical=&#8221;middle&#8221; gutter_size=&#8221;3&#8243; overlay_alpha=&#8221;50&#8243; shift_x=&#8221;0&#8243; shift_y=&#8221;0&#8243; shift_y_down=&#8221;0&#8243; z_index=&#8221;0&#8243; medium_width=&#8221;0&#8243; mobile_width=&#8221;0&#8243; width=&#8221;1\/2&#8243;][vc_single_image media=&#8221;83067&#8243; media_width_use_pixel=&#8221;yes&#8221; media_width_pixel=&#8221;60&#8243;][vc_custom_heading text_size=&#8221;h3&#8243; text_height=&#8221;&#8221;]Parts for maintenance or repair of batteries[\/vc_custom_heading][vc_column_text]<\/p>\n<ul>\n<li>New or used cell<\/li>\n<li>Connectors for batteries and chargers<\/li>\n<li>Caps (1\/4tr \/ Push-in \/ Flip)<\/li>\n<li>Welded parts for battery repair:<\/li>\n<ul>\n<li>New Welded Plate Cell<\/li>\n<li>Used EDBI certified welded plate cell from @4 to 5.5H<\/li>\n<li>Single or double terminal<\/li>\n<li>Positive or negative cone<\/li>\n<li>Terminal<\/li>\n<li>Shroud<\/li>\n<li>Cable<\/li>\n<\/ul>\n<li>Bolted Parts:<\/li>\n<ul>\n<li>New bolted tubular cell<\/li>\n<li>Used tubular cell bolted EDBI certified from @4 to 5.5H<\/li>\n<li>Bolted Wired Intercel<\/li>\n<li>Bolts<\/li>\n<li>Bolted cable<\/li>\n<\/ul>\n<li>Battery Service Equipment<\/li>\n<\/ul>\n<p>[\/vc_column_text][vc_button button_color=&#8221;color-green&#8221; border_width=&#8221;0&#8243; display=&#8221;inline&#8221; top_margin=&#8221;yes&#8221; link=&#8221;url:https%3A%2F%2Fbatteries-ecodepot.com%2Fen%2Fcontact-us%2F|title:Service%20Call%20|&#8221;]Quote Request[\/vc_button][vc_button button_color=&#8221;color-darkgrey&#8221; outline=&#8221;yes&#8221; border_width=&#8221;0&#8243; display=&#8221;inline&#8221; top_margin=&#8221;yes&#8221; link=&#8221;url:https%3A%2F%2Fbatteries-ecodepot.com%2Fen%2Fcontact-us%2F%23appelservice|title:Place%20a%20service%20call%20|&#8221;]Place a service call[\/vc_button][\/vc_column][\/vc_row][vc_row row_height_percent=&#8221;0&#8243; override_padding=&#8221;yes&#8221; h_padding=&#8221;2&#8243; top_padding=&#8221;3&#8243; bottom_padding=&#8221;5&#8243; overlay_alpha=&#8221;50&#8243; equal_height=&#8221;yes&#8221; gutter_size=&#8221;4&#8243; column_width_percent=&#8221;100&#8243; shift_y=&#8221;0&#8243; z_index=&#8221;0&#8243; el_class=&#8221;inverted-device-order&#8221;][vc_column column_width_percent=&#8221;100&#8243; gutter_size=&#8221;3&#8243; overlay_alpha=&#8221;50&#8243; shift_x=&#8221;0&#8243; shift_y=&#8221;0&#8243; shift_y_down=&#8221;0&#8243; z_index=&#8221;0&#8243; medium_width=&#8221;0&#8243; mobile_width=&#8221;0&#8243; width=&#8221;1\/2&#8243;][vc_single_image media=&#8221;83068&#8243; media_width_use_pixel=&#8221;yes&#8221; media_width_pixel=&#8221;60&#8243;][vc_custom_heading text_size=&#8221;h3&#8243; text_height=&#8221;&#8221;]Various accessories for battery and charger[\/vc_custom_heading][vc_column_text]<\/p>\n<ul>\n<li>Charger parts<\/li>\n<li>Single or double battery conveyors<\/li>\n<li>Battery hoist<\/li>\n<li>Battery operated extractors<\/li>\n<li>Battery module for charge management<\/li>\n<\/ul>\n<p>[\/vc_column_text][vc_button button_color=&#8221;color-green&#8221; border_width=&#8221;0&#8243; display=&#8221;inline&#8221; top_margin=&#8221;yes&#8221; link=&#8221;url:https%3A%2F%2Fbatteries-ecodepot.com%2Fen%2Fcontact-us%2F|title:Service%20Call%20|&#8221;]Quote Request[\/vc_button][vc_button button_color=&#8221;color-darkgrey&#8221; outline=&#8221;yes&#8221; border_width=&#8221;0&#8243; display=&#8221;inline&#8221; top_margin=&#8221;yes&#8221; link=&#8221;url:https%3A%2F%2Fbatteries-ecodepot.com%2Fen%2Fcontact-us%2F%23appelservice|title:Place%20a%20service%20call%20|&#8221;]Place a service call[\/vc_button][\/vc_column][vc_column column_width_percent=&#8221;100&#8243; position_vertical=&#8221;middle&#8221; gutter_size=&#8221;3&#8243; overlay_alpha=&#8221;50&#8243; shift_x=&#8221;0&#8243; shift_y=&#8221;0&#8243; shift_y_down=&#8221;0&#8243; z_index=&#8221;0&#8243; medium_width=&#8221;0&#8243; mobile_width=&#8221;0&#8243; width=&#8221;1\/2&#8243;][vc_single_image media=&#8221;82019&#8243; media_width_percent=&#8221;100&#8243; media_ratio=&#8221;three-four&#8221; advanced=&#8221;yes&#8221; media_overlay_opacity=&#8221;50&#8243; media_image_coloration=&#8221;desaturated&#8221; media_padding=&#8221;2&#8243; media_title_height=&#8221;&#8221;][\/vc_column][\/vc_row][\/vc_section][vc_row row_height_percent=&#8221;0&#8243; override_padding=&#8221;yes&#8221; h_padding=&#8221;2&#8243; top_padding=&#8221;3&#8243; bottom_padding=&#8221;0&#8243; back_color=&#8221;color-lightgrey&#8221; overlay_alpha=&#8221;50&#8243; gutter_size=&#8221;3&#8243; column_width_percent=&#8221;100&#8243; shift_y=&#8221;0&#8243; z_index=&#8221;0&#8243;][vc_column column_width_percent=&#8221;100&#8243; align_horizontal=&#8221;align_center&#8221; gutter_size=&#8221;3&#8243; overlay_alpha=&#8221;50&#8243; shift_x=&#8221;0&#8243; shift_y=&#8221;0&#8243; shift_y_down=&#8221;0&#8243; z_index=&#8221;0&#8243; medium_width=&#8221;0&#8243; mobile_width=&#8221;0&#8243; width=&#8221;1\/1&#8243;][vc_custom_heading text_size=&#8221;h1&#8243; text_height=&#8221;&#8221;]Did you find what you were looking for?[\/vc_custom_heading][\/vc_column][\/vc_row][vc_row row_height_percent=&#8221;0&#8243; override_padding=&#8221;yes&#8221; h_padding=&#8221;2&#8243; top_padding=&#8221;3&#8243; bottom_padding=&#8221;3&#8243; back_color=&#8221;color-lightgrey&#8221; overlay_alpha=&#8221;50&#8243; gutter_size=&#8221;3&#8243; column_width_percent=&#8221;100&#8243; shift_y=&#8221;0&#8243; z_index=&#8221;0&#8243; el_id=&#8221;cta-footer&#8221;][vc_column width=&#8221;1\/1&#8243;][uncode_slider slider_interval=&#8221;10000&#8243; slider_navspeed=&#8221;1000&#8243; slider_loop=&#8221;yes&#8221; slider_hide_dots=&#8221;yes&#8221;][vc_row_inner row_inner_height_percent=&#8221;0&#8243; overlay_alpha=&#8221;50&#8243; equal_height=&#8221;yes&#8221; gutter_size=&#8221;2&#8243; shift_y=&#8221;0&#8243; z_index=&#8221;0&#8243; limit_content=&#8221;yes&#8221; front_end_with_slider=&#8221;true&#8221;][vc_column_inner column_width_percent=&#8221;100&#8243; gutter_size=&#8221;3&#8243; back_color=&#8221;color-white&#8221; overlay_alpha=&#8221;50&#8243; shift_x=&#8221;0&#8243; shift_y=&#8221;0&#8243; shift_y_down=&#8221;0&#8243; z_index=&#8221;0&#8243; medium_width=&#8221;0&#8243; mobile_width=&#8221;0&#8243; radius=&#8221;std&#8221; width=&#8221;1\/3&#8243;][vc_icon icon_image=&#8221;82340&#8243; media_size=&#8221;50&#8243; heading_semantic=&#8221;h6&#8243; text_size=&#8221;fontsize-text-normal&#8221; text_height=&#8221;&#8221;]Do you want to benefit from<strong> maximum capacity<\/strong> at an excellent value for money?[\/vc_icon][vc_button button_color=&#8221;color-green&#8221; size=&#8221;btn-link&#8221; border_width=&#8221;0&#8243; icon_position=&#8221;right&#8221; icon=&#8221;fa fa-arrow-right-thick&#8221;]Learn More[\/vc_button][\/vc_column_inner][vc_column_inner column_width_percent=&#8221;100&#8243; gutter_size=&#8221;3&#8243; back_color=&#8221;color-white&#8221; overlay_alpha=&#8221;50&#8243; shift_x=&#8221;0&#8243; shift_y=&#8221;0&#8243; shift_y_down=&#8221;0&#8243; z_index=&#8221;0&#8243; medium_width=&#8221;0&#8243; mobile_width=&#8221;0&#8243; radius=&#8221;std&#8221; width=&#8221;1\/3&#8243;][vc_icon icon_image=&#8221;82342&#8243; media_size=&#8221;50&#8243; heading_semantic=&#8221;h6&#8243; text_size=&#8221;fontsize-text-normal&#8221; text_height=&#8221;&#8221;]Are you sure your charger is working or is<strong> calibrated<\/strong> for your battery?[\/vc_icon][vc_button button_color=&#8221;color-green&#8221; size=&#8221;btn-link&#8221; border_width=&#8221;0&#8243; icon_position=&#8221;right&#8221; icon=&#8221;fa fa-arrow-right-thick&#8221;]Learn More[\/vc_button][\/vc_column_inner][vc_column_inner column_width_percent=&#8221;100&#8243; gutter_size=&#8221;3&#8243; back_color=&#8221;color-white&#8221; overlay_alpha=&#8221;50&#8243; shift_x=&#8221;0&#8243; shift_y=&#8221;0&#8243; shift_y_down=&#8221;0&#8243; z_index=&#8221;0&#8243; medium_width=&#8221;0&#8243; mobile_width=&#8221;0&#8243; radius=&#8221;std&#8221; width=&#8221;1\/3&#8243;][vc_icon icon_image=&#8221;82264&#8243; media_size=&#8221;50&#8243; heading_semantic=&#8221;h6&#8243; text_size=&#8221;fontsize-text-normal&#8221; text_height=&#8221;&#8221;]Want to <strong>save money<\/strong> without compromising on efficiency?[\/vc_icon][vc_button button_color=&#8221;color-green&#8221; size=&#8221;btn-link&#8221; border_width=&#8221;0&#8243; icon_position=&#8221;right&#8221; icon=&#8221;fa fa-arrow-right-thick&#8221;]Learn More[\/vc_button][\/vc_column_inner][\/vc_row_inner][vc_row_inner row_inner_height_percent=&#8221;0&#8243; overlay_alpha=&#8221;50&#8243; equal_height=&#8221;yes&#8221; gutter_size=&#8221;2&#8243; shift_y=&#8221;0&#8243; z_index=&#8221;0&#8243; limit_content=&#8221;yes&#8221; front_end_with_slider=&#8221;true&#8221;][vc_column_inner column_width_percent=&#8221;100&#8243; gutter_size=&#8221;3&#8243; back_color=&#8221;color-white&#8221; overlay_alpha=&#8221;50&#8243; shift_x=&#8221;0&#8243; shift_y=&#8221;0&#8243; shift_y_down=&#8221;0&#8243; z_index=&#8221;0&#8243; medium_width=&#8221;0&#8243; mobile_width=&#8221;0&#8243; radius=&#8221;std&#8221; width=&#8221;1\/3&#8243;][vc_icon icon_image=&#8221;82340&#8243; media_size=&#8221;50&#8243; heading_semantic=&#8221;h6&#8243; text_size=&#8221;fontsize-text-normal&#8221; text_height=&#8221;&#8221;]Do you want to benefit from<strong> maximum capacity<\/strong> at an excellent value for money?[\/vc_icon][vc_button button_color=&#8221;color-green&#8221; size=&#8221;btn-link&#8221; border_width=&#8221;0&#8243; icon_position=&#8221;right&#8221; icon=&#8221;fa fa-arrow-right-thick&#8221;]Learn More[\/vc_button][\/vc_column_inner][vc_column_inner column_width_percent=&#8221;100&#8243; gutter_size=&#8221;3&#8243; back_color=&#8221;color-white&#8221; overlay_alpha=&#8221;50&#8243; shift_x=&#8221;0&#8243; shift_y=&#8221;0&#8243; shift_y_down=&#8221;0&#8243; z_index=&#8221;0&#8243; medium_width=&#8221;0&#8243; mobile_width=&#8221;0&#8243; radius=&#8221;std&#8221; width=&#8221;1\/3&#8243;][vc_icon icon_image=&#8221;82344&#8243; media_size=&#8221;50&#8243; heading_semantic=&#8221;h6&#8243; text_size=&#8221;fontsize-text-normal&#8221; text_height=&#8221;&#8221;]Do you want to benefit from<strong> maximum capacity<\/strong> at an excellent value for money?[\/vc_icon][vc_button button_color=&#8221;color-green&#8221; size=&#8221;btn-link&#8221; border_width=&#8221;0&#8243; icon_position=&#8221;right&#8221; icon=&#8221;fa fa-arrow-right-thick&#8221;]Learn More[\/vc_button][\/vc_column_inner][vc_column_inner column_width_percent=&#8221;100&#8243; gutter_size=&#8221;3&#8243; back_color=&#8221;color-white&#8221; overlay_alpha=&#8221;50&#8243; shift_x=&#8221;0&#8243; shift_y=&#8221;0&#8243; shift_y_down=&#8221;0&#8243; z_index=&#8221;0&#8243; medium_width=&#8221;0&#8243; mobile_width=&#8221;0&#8243; radius=&#8221;std&#8221; width=&#8221;1\/3&#8243;][vc_icon icon_image=&#8221;82346&#8243; media_size=&#8221;50&#8243; heading_semantic=&#8221;h6&#8243; text_size=&#8221;fontsize-text-normal&#8221; text_height=&#8221;&#8221;]Want to <strong>save money<\/strong> without compromising on efficiency?[\/vc_icon][vc_button button_color=&#8221;color-green&#8221; size=&#8221;btn-link&#8221; border_width=&#8221;0&#8243; icon_position=&#8221;right&#8221; icon=&#8221;fa fa-arrow-right-thick&#8221;]Learn More[\/vc_button][\/vc_column_inner][\/vc_row_inner][\/uncode_slider][\/vc_column][\/vc_row]<\/p>\n<\/section>","protected":false},"excerpt":{"rendered":"<p>[vc_section][vc_row row_height_percent=&#8221;0&#8243; override_padding=&#8221;yes&#8221; h_padding=&#8221;2&#8243; top_padding=&#8221;4&#8243; bottom_padding=&#8221;4&#8243; back_image=&#8221;82097&#8243; back_position=&#8221;right bottom&#8221; overlay_color=&#8221;color-darkgrey&#8221; overlay_alpha=&#8221;85&#8243; gutter_size=&#8221;3&#8243; column_width_percent=&#8221;100&#8243; shift_y=&#8221;0&#8243; z_index=&#8221;0&#8243; row_height_pixel=&#8221;300&#8243;][vc_column column_width_percent=&#8221;100&#8243; position_vertical=&#8221;middle&#8221; gutter_size=&#8221;3&#8243; style=&#8221;dark&#8221; [&hellip;]<\/p>\n","protected":false},"author":1,"featured_media":0,"parent":0,"menu_order":12,"comment_status":"closed","ping_status":"closed","template":"","meta":{"content-type":"","footnotes":""},"yoast_head":"<!-- This site is optimized with the Yoast SEO plugin v20.3 - https:\/\/yoast.com\/wordpress\/plugins\/seo\/ -->\n<title>Parts and accessories | \u00c9co-D\u00e9p\u00f4t<\/title>\n<meta name=\"robots\" content=\"index, follow, max-snippet:-1, max-image-preview:large, max-video-preview:-1\" \/>\n<link rel=\"canonical\" href=\"https:\/\/batteries-ecodepot.com\/en\/parts-and-accessories\/\" \/>\n<meta property=\"og:locale\" content=\"en_US\" \/>\n<meta property=\"og:type\" content=\"article\" \/>\n<meta property=\"og:title\" content=\"Parts and accessories | \u00c9co-D\u00e9p\u00f4t\" \/>\n<meta property=\"og:description\" content=\"[vc_section][vc_row row_height_percent=&#8221;0&#8243; override_padding=&#8221;yes&#8221; h_padding=&#8221;2&#8243; top_padding=&#8221;4&#8243; bottom_padding=&#8221;4&#8243; back_image=&#8221;82097&#8243; back_position=&#8221;right bottom&#8221; overlay_color=&#8221;color-darkgrey&#8221; overlay_alpha=&#8221;85&#8243; gutter_size=&#8221;3&#8243; column_width_percent=&#8221;100&#8243; shift_y=&#8221;0&#8243; z_index=&#8221;0&#8243; row_height_pixel=&#8221;300&#8243;][vc_column column_width_percent=&#8221;100&#8243; position_vertical=&#8221;middle&#8221; gutter_size=&#8221;3&#8243; style=&#8221;dark&#8221; [&hellip;]\" \/>\n<meta property=\"og:url\" content=\"https:\/\/batteries-ecodepot.com\/en\/parts-and-accessories\/\" \/>\n<meta property=\"og:site_name\" content=\"\u00c9co-D\u00e9p\u00f4t\" \/>\n<meta property=\"article:publisher\" content=\"https:\/\/www.facebook.com\/lakhos\/\" \/>\n<meta property=\"article:modified_time\" content=\"2021-03-16T01:07:07+00:00\" \/>\n<meta name=\"twitter:card\" content=\"summary_large_image\" \/>\n<meta name=\"twitter:label1\" content=\"Est. reading time\" \/>\n\t<meta name=\"twitter:data1\" content=\"8 minutes\" \/>\n<script type=\"application\/ld+json\" class=\"yoast-schema-graph\">{\"@context\":\"https:\/\/schema.org\",\"@graph\":[{\"@type\":\"WebPage\",\"@id\":\"https:\/\/batteries-ecodepot.com\/en\/parts-and-accessories\/\",\"url\":\"https:\/\/batteries-ecodepot.com\/en\/parts-and-accessories\/\",\"name\":\"Parts and accessories | \u00c9co-D\u00e9p\u00f4t\",\"isPartOf\":{\"@id\":\"https:\/\/batteries-ecodepot.com\/en\/#website\"},\"datePublished\":\"2020-07-18T16:19:03+00:00\",\"dateModified\":\"2021-03-16T01:07:07+00:00\",\"breadcrumb\":{\"@id\":\"https:\/\/batteries-ecodepot.com\/en\/parts-and-accessories\/#breadcrumb\"},\"inLanguage\":\"en-US\",\"potentialAction\":[{\"@type\":\"ReadAction\",\"target\":[\"https:\/\/batteries-ecodepot.com\/en\/parts-and-accessories\/\"]}]},{\"@type\":\"BreadcrumbList\",\"@id\":\"https:\/\/batteries-ecodepot.com\/en\/parts-and-accessories\/#breadcrumb\",\"itemListElement\":[{\"@type\":\"ListItem\",\"position\":1,\"name\":\"Home\",\"item\":\"https:\/\/batteries-ecodepot.com\/en\/\"},{\"@type\":\"ListItem\",\"position\":2,\"name\":\"Parts and accessories\"}]},{\"@type\":\"WebSite\",\"@id\":\"https:\/\/batteries-ecodepot.com\/en\/#website\",\"url\":\"https:\/\/batteries-ecodepot.com\/en\/\",\"name\":\"\u00c9co-D\u00e9p\u00f4t\",\"description\":\"Batteries industrielles\",\"potentialAction\":[{\"@type\":\"SearchAction\",\"target\":{\"@type\":\"EntryPoint\",\"urlTemplate\":\"https:\/\/batteries-ecodepot.com\/en\/?s={search_term_string}\"},\"query-input\":\"required name=search_term_string\"}],\"inLanguage\":\"en-US\"}]}<\/script>\n<!-- \/ Yoast SEO plugin. -->","yoast_head_json":{"title":"Parts and accessories | \u00c9co-D\u00e9p\u00f4t","robots":{"index":"index","follow":"follow","max-snippet":"max-snippet:-1","max-image-preview":"max-image-preview:large","max-video-preview":"max-video-preview:-1"},"canonical":"https:\/\/batteries-ecodepot.com\/en\/parts-and-accessories\/","og_locale":"en_US","og_type":"article","og_title":"Parts and accessories | \u00c9co-D\u00e9p\u00f4t","og_description":"[vc_section][vc_row row_height_percent=&#8221;0&#8243; override_padding=&#8221;yes&#8221; h_padding=&#8221;2&#8243; top_padding=&#8221;4&#8243; bottom_padding=&#8221;4&#8243; back_image=&#8221;82097&#8243; back_position=&#8221;right bottom&#8221; overlay_color=&#8221;color-darkgrey&#8221; overlay_alpha=&#8221;85&#8243; gutter_size=&#8221;3&#8243; column_width_percent=&#8221;100&#8243; shift_y=&#8221;0&#8243; z_index=&#8221;0&#8243; row_height_pixel=&#8221;300&#8243;][vc_column column_width_percent=&#8221;100&#8243; position_vertical=&#8221;middle&#8221; gutter_size=&#8221;3&#8243; style=&#8221;dark&#8221; [&hellip;]","og_url":"https:\/\/batteries-ecodepot.com\/en\/parts-and-accessories\/","og_site_name":"\u00c9co-D\u00e9p\u00f4t","article_publisher":"https:\/\/www.facebook.com\/lakhos\/","article_modified_time":"2021-03-16T01:07:07+00:00","twitter_card":"summary_large_image","twitter_misc":{"Est. reading time":"8 minutes"},"schema":{"@context":"https:\/\/schema.org","@graph":[{"@type":"WebPage","@id":"https:\/\/batteries-ecodepot.com\/en\/parts-and-accessories\/","url":"https:\/\/batteries-ecodepot.com\/en\/parts-and-accessories\/","name":"Parts and accessories | \u00c9co-D\u00e9p\u00f4t","isPartOf":{"@id":"https:\/\/batteries-ecodepot.com\/en\/#website"},"datePublished":"2020-07-18T16:19:03+00:00","dateModified":"2021-03-16T01:07:07+00:00","breadcrumb":{"@id":"https:\/\/batteries-ecodepot.com\/en\/parts-and-accessories\/#breadcrumb"},"inLanguage":"en-US","potentialAction":[{"@type":"ReadAction","target":["https:\/\/batteries-ecodepot.com\/en\/parts-and-accessories\/"]}]},{"@type":"BreadcrumbList","@id":"https:\/\/batteries-ecodepot.com\/en\/parts-and-accessories\/#breadcrumb","itemListElement":[{"@type":"ListItem","position":1,"name":"Home","item":"https:\/\/batteries-ecodepot.com\/en\/"},{"@type":"ListItem","position":2,"name":"Parts and accessories"}]},{"@type":"WebSite","@id":"https:\/\/batteries-ecodepot.com\/en\/#website","url":"https:\/\/batteries-ecodepot.com\/en\/","name":"\u00c9co-D\u00e9p\u00f4t","description":"Batteries industrielles","potentialAction":[{"@type":"SearchAction","target":{"@type":"EntryPoint","urlTemplate":"https:\/\/batteries-ecodepot.com\/en\/?s={search_term_string}"},"query-input":"required name=search_term_string"}],"inLanguage":"en-US"}]}},"_links":{"self":[{"href":"https:\/\/batteries-ecodepot.com\/en\/wp-json\/wp\/v2\/pages\/83209"}],"collection":[{"href":"https:\/\/batteries-ecodepot.com\/en\/wp-json\/wp\/v2\/pages"}],"about":[{"href":"https:\/\/batteries-ecodepot.com\/en\/wp-json\/wp\/v2\/types\/page"}],"author":[{"embeddable":true,"href":"https:\/\/batteries-ecodepot.com\/en\/wp-json\/wp\/v2\/users\/1"}],"replies":[{"embeddable":true,"href":"https:\/\/batteries-ecodepot.com\/en\/wp-json\/wp\/v2\/comments?post=83209"}],"version-history":[{"count":8,"href":"https:\/\/batteries-ecodepot.com\/en\/wp-json\/wp\/v2\/pages\/83209\/revisions"}],"predecessor-version":[{"id":83369,"href":"https:\/\/batteries-ecodepot.com\/en\/wp-json\/wp\/v2\/pages\/83209\/revisions\/83369"}],"wp:attachment":[{"href":"https:\/\/batteries-ecodepot.com\/en\/wp-json\/wp\/v2\/media?parent=83209"}],"curies":[{"name":"wp","href":"https:\/\/api.w.org\/{rel}","templated":true}]}}