{"id":83245,"date":"2020-06-22T10:11:42","date_gmt":"2020-06-22T14:11:42","guid":{"rendered":"https:\/\/batteries-ecodepot.com\/contact-us\/"},"modified":"2023-10-30T15:53:54","modified_gmt":"2023-10-30T19:53:54","slug":"contact-us","status":"publish","type":"page","link":"https:\/\/batteries-ecodepot.com\/en\/contact-us\/","title":{"rendered":"Contact Us"},"content":{"rendered":"<section class=\"wpb-content-wrapper\"><p>[vc_row row_height_percent=&#8221;50&#8243; override_padding=&#8221;yes&#8221; h_padding=&#8221;2&#8243; top_padding=&#8221;5&#8243; bottom_padding=&#8221;5&#8243; back_image=&#8221;82098&#8243; parallax=&#8221;yes&#8221; overlay_color=&#8221;color-darkgrey&#8221; overlay_alpha=&#8221;85&#8243; gutter_size=&#8221;3&#8243; column_width_percent=&#8221;100&#8243; shift_y=&#8221;0&#8243; z_index=&#8221;0&#8243;][vc_column column_width_use_pixel=&#8221;yes&#8221; position_vertical=&#8221;middle&#8221; gutter_size=&#8221;3&#8243; style=&#8221;dark&#8221; overlay_alpha=&#8221;50&#8243; shift_x=&#8221;0&#8243; shift_y=&#8221;0&#8243; shift_y_down=&#8221;0&#8243; z_index=&#8221;0&#8243; medium_width=&#8221;0&#8243; mobile_width=&#8221;0&#8243; width=&#8221;1\/1&#8243; mobile_height=&#8221;360&#8243;][vc_custom_heading heading_semantic=&#8221;h1&#8243; text_size=&#8221;h1&#8243; text_height=&#8221;&#8221;]<\/p>\n<p style=\"font-size: 60px; line-height: 1.25;\">Contact Us<\/p>\n<p>[\/vc_custom_heading][\/vc_column][\/vc_row][vc_row row_height_percent=&#8221;0&#8243; override_padding=&#8221;yes&#8221; h_padding=&#8221;2&#8243; top_padding=&#8221;0&#8243; bottom_padding=&#8221;5&#8243; back_color=&#8221;color-lightgrey&#8221; overlay_alpha=&#8221;50&#8243; gutter_size=&#8221;3&#8243; column_width_percent=&#8221;100&#8243; shift_y=&#8221;0&#8243; z_index=&#8221;0&#8243;][vc_column column_width_percent=&#8221;100&#8243; gutter_size=&#8221;4&#8243; overlay_alpha=&#8221;50&#8243; shift_x=&#8221;0&#8243; shift_y=&#8221;0&#8243; shift_y_down=&#8221;0&#8243; z_index=&#8221;0&#8243; medium_width=&#8221;0&#8243; mobile_width=&#8221;0&#8243; width=&#8221;1\/1&#8243;][vc_row_inner row_inner_height_percent=&#8221;0&#8243; overlay_alpha=&#8221;50&#8243; gutter_size=&#8221;4&#8243; shift_y=&#8221;0&#8243;][vc_column_inner column_width_percent=&#8221;100&#8243; gutter_size=&#8221;3&#8243; overlay_alpha=&#8221;50&#8243; shift_x=&#8221;0&#8243; shift_y=&#8221;0&#8243; shift_y_down=&#8221;0&#8243; z_index=&#8221;0&#8243; medium_width=&#8221;0&#8243; mobile_width=&#8221;0&#8243; sticky=&#8221;yes&#8221; width=&#8221;3\/12&#8243;][vc_empty_space empty_h=&#8221;2&#8243; mobile_visibility=&#8221;yes&#8221;][vc_icon icon=&#8221;fa fa-chat&#8221; icon_color=&#8221;color-green&#8221; size=&#8221;fa-5x&#8221; text_height=&#8221;&#8221;][\/vc_icon][vc_custom_heading heading_semantic=&#8221;h3&#8243; text_size=&#8221;h3&#8243; text_height=&#8221;&#8221;]Chat with a representative[\/vc_custom_heading][vc_icon position=&#8221;left&#8221; icon=&#8221;fa fa-phone&#8221; icon_color=&#8221;accent&#8221; size=&#8221;fa-2x&#8221; heading_semantic=&#8221;h6&#8243; text_size=&#8221;h6&#8243; text_height=&#8221;&#8221; linked_title=&#8221;yes&#8221; title=&#8221;+1 (855) 558 8967 (514) 589-8967&#8243; link=&#8221;url:tel%3A%2F%2F1-855-558-8967|||&#8221;][\/vc_icon][vc_icon position=&#8221;left&#8221; icon=&#8221;fa fa-suitcase&#8221; icon_color=&#8221;accent&#8221; size=&#8221;fa-2x&#8221; heading_semantic=&#8221;h6&#8243; text_size=&#8221;h6&#8243; text_height=&#8221;&#8221; linked_title=&#8221;yes&#8221; title=&#8221;2057, Rue Cohen, QC, H4R 2N7&#8243; link=&#8221;url:mailto%3Ainfo%40youremail.com|||&#8221;][\/vc_icon][vc_icon position=&#8221;left&#8221; icon=&#8221;fa fa-envelope&#8221; icon_color=&#8221;accent&#8221; size=&#8221;fa-2x&#8221; heading_semantic=&#8221;h6&#8243; text_size=&#8221;h6&#8243; text_height=&#8221;&#8221; linked_title=&#8221;yes&#8221; title=&#8221;info@batteries-ecodepot.com&#8221; link=&#8221;url:mailto%3Ainfo%40youremail.com|||&#8221;][\/vc_icon][\/vc_column_inner][vc_column_inner column_width_percent=&#8221;100&#8243; gutter_size=&#8221;3&#8243; override_padding=&#8221;yes&#8221; column_padding=&#8221;3&#8243; back_color=&#8221;color-white&#8221; overlay_alpha=&#8221;50&#8243; shift_x=&#8221;0&#8243; shift_y=&#8221;-4&#8243; shift_y_down=&#8221;0&#8243; z_index=&#8221;0&#8243; medium_width=&#8221;0&#8243; mobile_width=&#8221;0&#8243; shadow=&#8221;lg&#8221; radius=&#8221;std&#8221; width=&#8221;9\/12&#8243;][vc_tabs history=&#8221;yes&#8221;][vc_tab title=&#8221;Quote request &#8221; tab_id=&#8221;1593489322-1-98&#8243; slug=&#8221;soumission&#8221;][vc_custom_heading heading_semantic=&#8221;h3&#8243; text_height=&#8221;&#8221; subheading=&#8221;Interested in our products? Request a free quote using the form below and our team will contact you within 24-48 hours.&#8221;]Quote request[\/vc_custom_heading][vc_column_text]<\/p>\n<p><script charset=\"utf-8\" type=\"text\/javascript\" src=\"\/\/js.hsforms.net\/forms\/shell.js\"><\/script> <script>\n  hbspt.forms.create({\n\tportalId: \"7105499\",\n\tformId: \"5b774878-97f4-4f9a-9170-5c657295bd89\"\n});\n<\/script><\/p>\n<p>[\/vc_column_text][\/vc_tab][vc_tab title=&#8221;Evaluation Request&#8221; tab_id=&#8221;1593489643323-2-6&#8243; slug=&#8221;evaluation&#8221;][vc_custom_heading heading_semantic=&#8221;h3&#8243; text_height=&#8221;&#8221; subheading=&#8221;Would you like to have your battery evaluated? Request a free evaluation using the form below and our team will contact you within 24-48 hours.&#8221;]Evaluation Request[\/vc_custom_heading][vc_column_text]<\/p>\n<p><script charset=\"utf-8\" type=\"text\/javascript\" src=\"\/\/js.hsforms.net\/forms\/shell.js\"><\/script> <script>\n  hbspt.forms.create({\n\tportalId: \"7105499\",\n\tformId: \"9cfed37a-bef4-4cbb-91ee-c7c9f5d5021d\"\n});\n<\/script><\/p>\n<p>[\/vc_column_text][\/vc_tab][vc_tab title=&#8221;Service Call&#8221; tab_id=&#8221;1595607717799-1-6&#8243; slug=&#8221;appelservice&#8221;][vc_custom_heading heading_semantic=&#8221;h3&#8243; text_height=&#8221;&#8221; subheading=&#8221;Would you like to place a service call? Make a request using the form below and our team will contact you within 24-48 hours.&#8221;]Service Call[\/vc_custom_heading][vc_column_text]<\/p>\n<p><script charset=\"utf-8\" type=\"text\/javascript\" src=\"\/\/js.hsforms.net\/forms\/shell.js\"><\/script> <script>\n  hbspt.forms.create({\n\tportalId: \"7105499\",\n\tformId: \"64cc5fdd-6d03-4003-90a4-feb1b4f58a38\"\n});\n<\/script><\/p>\n<p>[\/vc_column_text][\/vc_tab][\/vc_tabs][\/vc_column_inner][\/vc_row_inner][\/vc_column][\/vc_row]<\/p>\n<\/section>","protected":false},"excerpt":{"rendered":"<p>[vc_row row_height_percent=&#8221;50&#8243; override_padding=&#8221;yes&#8221; h_padding=&#8221;2&#8243; top_padding=&#8221;5&#8243; bottom_padding=&#8221;5&#8243; back_image=&#8221;82098&#8243; parallax=&#8221;yes&#8221; overlay_color=&#8221;color-darkgrey&#8221; overlay_alpha=&#8221;85&#8243; gutter_size=&#8221;3&#8243; column_width_percent=&#8221;100&#8243; shift_y=&#8221;0&#8243; z_index=&#8221;0&#8243;][vc_column column_width_use_pixel=&#8221;yes&#8221; position_vertical=&#8221;middle&#8221; gutter_size=&#8221;3&#8243; style=&#8221;dark&#8221; overlay_alpha=&#8221;50&#8243; shift_x=&#8221;0&#8243; [&hellip;]<\/p>\n","protected":false},"author":1,"featured_media":0,"parent":0,"menu_order":20,"comment_status":"closed","ping_status":"closed","template":"","meta":{"content-type":"","footnotes":""},"yoast_head":"<!-- This site is optimized with the Yoast SEO plugin v20.3 - https:\/\/yoast.com\/wordpress\/plugins\/seo\/ -->\n<title>Contact Us | \u00c9co-D\u00e9p\u00f4t<\/title>\n<meta name=\"robots\" content=\"index, follow, max-snippet:-1, max-image-preview:large, max-video-preview:-1\" \/>\n<link rel=\"canonical\" href=\"https:\/\/batteries-ecodepot.com\/en\/contact-us\/\" \/>\n<meta property=\"og:locale\" content=\"en_US\" \/>\n<meta property=\"og:type\" content=\"article\" \/>\n<meta property=\"og:title\" content=\"Contact Us | \u00c9co-D\u00e9p\u00f4t\" \/>\n<meta property=\"og:description\" content=\"[vc_row row_height_percent=&#8221;50&#8243; override_padding=&#8221;yes&#8221; h_padding=&#8221;2&#8243; top_padding=&#8221;5&#8243; bottom_padding=&#8221;5&#8243; back_image=&#8221;82098&#8243; parallax=&#8221;yes&#8221; overlay_color=&#8221;color-darkgrey&#8221; overlay_alpha=&#8221;85&#8243; gutter_size=&#8221;3&#8243; column_width_percent=&#8221;100&#8243; shift_y=&#8221;0&#8243; z_index=&#8221;0&#8243;][vc_column column_width_use_pixel=&#8221;yes&#8221; position_vertical=&#8221;middle&#8221; gutter_size=&#8221;3&#8243; style=&#8221;dark&#8221; overlay_alpha=&#8221;50&#8243; shift_x=&#8221;0&#8243; [&hellip;]\" \/>\n<meta property=\"og:url\" content=\"https:\/\/batteries-ecodepot.com\/en\/contact-us\/\" \/>\n<meta property=\"og:site_name\" content=\"\u00c9co-D\u00e9p\u00f4t\" \/>\n<meta property=\"article:publisher\" content=\"https:\/\/www.facebook.com\/lakhos\/\" \/>\n<meta property=\"article:modified_time\" content=\"2023-10-30T19:53:54+00:00\" \/>\n<meta name=\"twitter:card\" content=\"summary_large_image\" \/>\n<meta name=\"twitter:label1\" content=\"Est. reading time\" \/>\n\t<meta name=\"twitter:data1\" content=\"3 minutes\" \/>\n<script type=\"application\/ld+json\" class=\"yoast-schema-graph\">{\"@context\":\"https:\/\/schema.org\",\"@graph\":[{\"@type\":\"WebPage\",\"@id\":\"https:\/\/batteries-ecodepot.com\/en\/contact-us\/\",\"url\":\"https:\/\/batteries-ecodepot.com\/en\/contact-us\/\",\"name\":\"Contact Us | \u00c9co-D\u00e9p\u00f4t\",\"isPartOf\":{\"@id\":\"https:\/\/batteries-ecodepot.com\/en\/#website\"},\"datePublished\":\"2020-06-22T14:11:42+00:00\",\"dateModified\":\"2023-10-30T19:53:54+00:00\",\"breadcrumb\":{\"@id\":\"https:\/\/batteries-ecodepot.com\/en\/contact-us\/#breadcrumb\"},\"inLanguage\":\"en-US\",\"potentialAction\":[{\"@type\":\"ReadAction\",\"target\":[\"https:\/\/batteries-ecodepot.com\/en\/contact-us\/\"]}]},{\"@type\":\"BreadcrumbList\",\"@id\":\"https:\/\/batteries-ecodepot.com\/en\/contact-us\/#breadcrumb\",\"itemListElement\":[{\"@type\":\"ListItem\",\"position\":1,\"name\":\"Home\",\"item\":\"https:\/\/batteries-ecodepot.com\/en\/\"},{\"@type\":\"ListItem\",\"position\":2,\"name\":\"Contact Us\"}]},{\"@type\":\"WebSite\",\"@id\":\"https:\/\/batteries-ecodepot.com\/en\/#website\",\"url\":\"https:\/\/batteries-ecodepot.com\/en\/\",\"name\":\"\u00c9co-D\u00e9p\u00f4t\",\"description\":\"Batteries industrielles\",\"potentialAction\":[{\"@type\":\"SearchAction\",\"target\":{\"@type\":\"EntryPoint\",\"urlTemplate\":\"https:\/\/batteries-ecodepot.com\/en\/?s={search_term_string}\"},\"query-input\":\"required name=search_term_string\"}],\"inLanguage\":\"en-US\"}]}<\/script>\n<!-- \/ Yoast SEO plugin. -->","yoast_head_json":{"title":"Contact Us | \u00c9co-D\u00e9p\u00f4t","robots":{"index":"index","follow":"follow","max-snippet":"max-snippet:-1","max-image-preview":"max-image-preview:large","max-video-preview":"max-video-preview:-1"},"canonical":"https:\/\/batteries-ecodepot.com\/en\/contact-us\/","og_locale":"en_US","og_type":"article","og_title":"Contact Us | \u00c9co-D\u00e9p\u00f4t","og_description":"[vc_row row_height_percent=&#8221;50&#8243; override_padding=&#8221;yes&#8221; h_padding=&#8221;2&#8243; top_padding=&#8221;5&#8243; bottom_padding=&#8221;5&#8243; back_image=&#8221;82098&#8243; parallax=&#8221;yes&#8221; overlay_color=&#8221;color-darkgrey&#8221; overlay_alpha=&#8221;85&#8243; gutter_size=&#8221;3&#8243; column_width_percent=&#8221;100&#8243; shift_y=&#8221;0&#8243; z_index=&#8221;0&#8243;][vc_column column_width_use_pixel=&#8221;yes&#8221; position_vertical=&#8221;middle&#8221; gutter_size=&#8221;3&#8243; style=&#8221;dark&#8221; overlay_alpha=&#8221;50&#8243; shift_x=&#8221;0&#8243; [&hellip;]","og_url":"https:\/\/batteries-ecodepot.com\/en\/contact-us\/","og_site_name":"\u00c9co-D\u00e9p\u00f4t","article_publisher":"https:\/\/www.facebook.com\/lakhos\/","article_modified_time":"2023-10-30T19:53:54+00:00","twitter_card":"summary_large_image","twitter_misc":{"Est. reading time":"3 minutes"},"schema":{"@context":"https:\/\/schema.org","@graph":[{"@type":"WebPage","@id":"https:\/\/batteries-ecodepot.com\/en\/contact-us\/","url":"https:\/\/batteries-ecodepot.com\/en\/contact-us\/","name":"Contact Us | \u00c9co-D\u00e9p\u00f4t","isPartOf":{"@id":"https:\/\/batteries-ecodepot.com\/en\/#website"},"datePublished":"2020-06-22T14:11:42+00:00","dateModified":"2023-10-30T19:53:54+00:00","breadcrumb":{"@id":"https:\/\/batteries-ecodepot.com\/en\/contact-us\/#breadcrumb"},"inLanguage":"en-US","potentialAction":[{"@type":"ReadAction","target":["https:\/\/batteries-ecodepot.com\/en\/contact-us\/"]}]},{"@type":"BreadcrumbList","@id":"https:\/\/batteries-ecodepot.com\/en\/contact-us\/#breadcrumb","itemListElement":[{"@type":"ListItem","position":1,"name":"Home","item":"https:\/\/batteries-ecodepot.com\/en\/"},{"@type":"ListItem","position":2,"name":"Contact Us"}]},{"@type":"WebSite","@id":"https:\/\/batteries-ecodepot.com\/en\/#website","url":"https:\/\/batteries-ecodepot.com\/en\/","name":"\u00c9co-D\u00e9p\u00f4t","description":"Batteries industrielles","potentialAction":[{"@type":"SearchAction","target":{"@type":"EntryPoint","urlTemplate":"https:\/\/batteries-ecodepot.com\/en\/?s={search_term_string}"},"query-input":"required name=search_term_string"}],"inLanguage":"en-US"}]}},"_links":{"self":[{"href":"https:\/\/batteries-ecodepot.com\/en\/wp-json\/wp\/v2\/pages\/83245"}],"collection":[{"href":"https:\/\/batteries-ecodepot.com\/en\/wp-json\/wp\/v2\/pages"}],"about":[{"href":"https:\/\/batteries-ecodepot.com\/en\/wp-json\/wp\/v2\/types\/page"}],"author":[{"embeddable":true,"href":"https:\/\/batteries-ecodepot.com\/en\/wp-json\/wp\/v2\/users\/1"}],"replies":[{"embeddable":true,"href":"https:\/\/batteries-ecodepot.com\/en\/wp-json\/wp\/v2\/comments?post=83245"}],"version-history":[{"count":12,"href":"https:\/\/batteries-ecodepot.com\/en\/wp-json\/wp\/v2\/pages\/83245\/revisions"}],"predecessor-version":[{"id":83431,"href":"https:\/\/batteries-ecodepot.com\/en\/wp-json\/wp\/v2\/pages\/83245\/revisions\/83431"}],"wp:attachment":[{"href":"https:\/\/batteries-ecodepot.com\/en\/wp-json\/wp\/v2\/media?parent=83245"}],"curies":[{"name":"wp","href":"https:\/\/api.w.org\/{rel}","templated":true}]}}